{"id":2770,"date":"2025-08-05T00:38:33","date_gmt":"2025-08-04T22:38:33","guid":{"rendered":"https:\/\/www.bauensl.com\/?page_id=2770"},"modified":"2025-11-21T10:19:00","modified_gmt":"2025-11-21T09:19:00","slug":"politica-de-cookies","status":"publish","type":"page","link":"https:\/\/www.bauensl.com\/es\/politica-de-cookies\/","title":{"rendered":"Pol\u00edtica de cookies\u200b"},"content":{"rendered":"\t\t<div data-elementor-type=\"wp-page\" data-elementor-id=\"2770\" class=\"elementor elementor-2770\" data-elementor-post-type=\"page\">\n\t\t\t\t<div class=\"elementor-element elementor-element-56cc693 e-flex e-con-boxed e-con e-parent\" data-id=\"56cc693\" data-element_type=\"container\">\n\t\t\t\t\t<div class=\"e-con-inner\">\n\t\t\t\t<div class=\"elementor-element elementor-element-3af92b7 elementor-widget elementor-widget-text-editor\" data-id=\"3af92b7\" data-element_type=\"widget\" data-widget_type=\"text-editor.default\">\n\t\t\t\t\t\t\t\t\t<p>\nEl acceso a este Sitio Web puede implicar la utilizaci\u00f3n de cookies. Las cookies son peque\u00f1as cantidades de informaci\u00f3n que se almacenan en el navegador utilizado por cada Usuario \u2014en los distintos dispositivos que pueda utilizar para navegar\u2014 para que el servidor recuerde cierta informaci\u00f3n que posteriormente y \u00fanicamente el servidor que la implement\u00f3 leer\u00e1. Las cookies facilitan la navegaci\u00f3n, la hacen m\u00e1s amigable y no da\u00f1an el dispositivo de navegaci\u00f3n.\n<\/p>\n\n<p>\nLas cookies son procedimientos autom\u00e1ticos de recogida de informaci\u00f3n relativa a las preferencias determinadas por el Usuario durante su visita al Sitio Web, con el fin de reconocerlo como Usuario y personalizar su experiencia y el uso del Sitio Web, y pueden tambi\u00e9n, por ejemplo, ayudar a identificar y resolver errores.\n<\/p>\n\n<p>\nLa informaci\u00f3n recabada a trav\u00e9s de las cookies puede incluir la fecha y hora de visitas al Sitio Web, las p\u00e1ginas visionadas, el tiempo que se ha permanecido en el Sitio Web y los sitios visitados justo antes y despu\u00e9s del mismo. Sin embargo, ninguna cookie permite que esta pueda contactar con el n\u00famero de tel\u00e9fono del Usuario o con cualquier otro medio de contacto personal. Ninguna cookie puede extraer informaci\u00f3n del disco duro del Usuario o robar informaci\u00f3n personal. La \u00fanica manera de que la informaci\u00f3n privada del Usuario forme parte del archivo cookie es que el propio Usuario proporcione dicha informaci\u00f3n al servidor.\n<\/p>\n\n<p>\nLas cookies que permiten identificar a una persona se consideran datos personales. Por tanto, a las mismas les ser\u00e1 de aplicaci\u00f3n la Pol\u00edtica de Privacidad anteriormente descrita. En este sentido, para la utilizaci\u00f3n de las mismas ser\u00e1 necesario el consentimiento del Usuario. Este consentimiento ser\u00e1 comunicado mediante una decisi\u00f3n afirmativa y positiva, antes del tratamiento inicial, pudiendo ser retirado en cualquier momento.\n<\/p>\n\n<b>Cookies propias<\/b>\n\n<p>\nSon aquellas cookies que son enviadas al ordenador o dispositivo del Usuario y gestionadas exclusivamente por <b>BAUEN GESTI\u00d3 S.L.<\/b> para el mejor funcionamiento del Sitio Web. La informaci\u00f3n que se recaba se emplea para mejorar la calidad del Sitio Web, sus Contenidos y la experiencia del Usuario. Estas cookies permiten reconocer al Usuario como visitante recurrente del Sitio Web y adaptar el contenido para ofrecerle informaci\u00f3n ajustada a sus preferencias.\n<\/p>\n\n<b>Cookies de terceros<\/b>\n\n<p>\nSon cookies utilizadas y gestionadas por entidades externas que proporcionan a <b>BAUEN GESTI\u00d3 S.L.<\/b> servicios solicitados por esta para mejorar el Sitio Web y la experiencia del Usuario al navegar en el mismo. Los principales objetivos para los que se utilizan cookies de terceros son la obtenci\u00f3n de estad\u00edsticas de accesos y el an\u00e1lisis de la informaci\u00f3n de la navegaci\u00f3n, es decir, c\u00f3mo interact\u00faa el Usuario con el Sitio Web.\n<\/p>\n\n<p>\nLa informaci\u00f3n que se obtiene se refiere, por ejemplo, al n\u00famero de p\u00e1ginas visitadas, el idioma, el lugar desde el que se accede (direcci\u00f3n IP), el n\u00famero de Usuarios que acceden, la frecuencia y reincidencia de las visitas, el tiempo de visita, el navegador que usan, el operador o tipo de dispositivo desde el que se realiza la visita. Esta informaci\u00f3n se utiliza para mejorar el Sitio Web y detectar nuevas necesidades con el fin de ofrecer a los Usuarios contenidos y\/o servicios de \u00f3ptima calidad. En todo caso, la informaci\u00f3n se recopila de forma an\u00f3nima y se elaboran informes de tendencias del Sitio Web sin identificar a usuarios individuales.\n<\/p>\n\n<p>\nPuede obtener m\u00e1s informaci\u00f3n sobre las cookies, la informaci\u00f3n sobre privacidad o consultar la descripci\u00f3n del tipo de cookies que se utilizan, sus principales caracter\u00edsticas, periodo de expiraci\u00f3n, etc., en el siguiente enlace:\n<\/p>\n\n<ul>\n  <li>\n    Google Analytics: \n    <a href=\"https:\/\/developers.google.com\/analytics?hl=es\" target=\"_blank\" rel=\"noopener noreferrer\">\n      https:\/\/developers.google.com\/analytics?hl=es\n    <\/a>\n  <\/li>\n<\/ul>\n\n<p>\nLa(s) entidad(es) encargada(s) del suministro de cookies podr\u00e1(n) ceder esta informaci\u00f3n a terceros, siempre que as\u00ed lo exija la ley o cuando un tercero procese esta informaci\u00f3n para dichas entidades.\n<\/p>\n\n<b>Cookies de redes sociales<\/b>\n\n<p>\n<b>BAUEN GESTI\u00d3 S.L.<\/b> incorpora plugins de redes sociales que permiten acceder a las mismas a partir del Sitio Web. Por esta raz\u00f3n, las cookies de redes sociales pueden almacenarse en el navegador del Usuario. Los titulares de dichas redes sociales disponen de sus propias pol\u00edticas de protecci\u00f3n de datos y de cookies, siendo ellos mismos, en cada caso, responsables de sus propios ficheros y de sus propias pr\u00e1cticas de privacidad. El Usuario debe referirse a dichas pol\u00edticas para informarse acerca de estas cookies y, en su caso, del tratamiento de sus datos personales.\n<\/p>\n\n<p>\u00danicamente a t\u00edtulo informativo, se indican a continuaci\u00f3n los enlaces donde pueden consultarse dichas pol\u00edticas de privacidad y\/o de cookies:<\/p>\n\n<ul>\n  <li>Facebook: <a href=\"https:\/\/www.facebook.com\/policies\/cookies\/\" target=\"_blank\" rel=\"noopener noreferrer\">https:\/\/www.facebook.com\/policies\/cookies\/<\/a><\/li>\n  <li>Twitter: <a href=\"https:\/\/twitter.com\/es\/privacy\" target=\"_blank\" rel=\"noopener noreferrer\">https:\/\/twitter.com\/es\/privacy<\/a><\/li>\n  <li>Instagram: <a href=\"https:\/\/help.instagram.com\/1896641480634370?ref=ig\" target=\"_blank\" rel=\"noopener noreferrer\">https:\/\/help.instagram.com\/1896641480634370?ref=ig<\/a><\/li>\n  <li>Youtube: <a href=\"https:\/\/policies.google.com\/privacy?hl=es-419&#038;gl=mx\" target=\"_blank\" rel=\"noopener noreferrer\">https:\/\/policies.google.com\/privacy?hl=es-419&amp;gl=mx<\/a><\/li>\n  <li>Google+: <a href=\"https:\/\/policies.google.com\/technologies\/cookies?hl=es\" target=\"_blank\" rel=\"noopener noreferrer\">https:\/\/policies.google.com\/technologies\/cookies?hl=es<\/a><\/li>\n  <li>Pinterest: <a href=\"https:\/\/policy.pinterest.com\/es\/privacy-policy\" target=\"_blank\" rel=\"noopener noreferrer\">https:\/\/policy.pinterest.com\/es\/privacy-policy<\/a><\/li>\n  <li>LinkedIn: <a href=\"https:\/\/www.linkedin.com\/legal\/cookie-policy\" target=\"_blank\" rel=\"noopener noreferrer\">https:\/\/www.linkedin.com\/legal\/cookie-policy<\/a><\/li>\n<\/ul>\n\n<b>Deshabilitar, rechazar y eliminar cookies<\/b>\n\n<p>\nEl Usuario puede deshabilitar, rechazar y eliminar las cookies \u2014total o parcialmente\u2014 instaladas en su dispositivo mediante la configuraci\u00f3n del navegador que utilice (por ejemplo, Chrome, Firefox, Safari, Edge, etc.). En este sentido, los procedimientos para rechazar y eliminar las cookies pueden diferir de un navegador de Internet a otro. En consecuencia, el Usuario debe acudir a las instrucciones facilitadas por el propio navegador que est\u00e9 utilizando.\n<\/p>\n\n<p>\nEn el supuesto de que rechace el uso de cookies \u2014total o parcialmente\u2014 podr\u00e1 seguir usando el Sitio Web, si bien podr\u00e1 verse limitada la utilizaci\u00f3n de algunas de las prestaciones del mismo.\n<\/p>\n\n<b>Cambios en la Pol\u00edtica de Cookies<\/b>\n\n<p>\nEs posible que la Pol\u00edtica de Cookies del Sitio Web cambie o se actualice; por ello, es recomendable que el Usuario revise esta pol\u00edtica cada vez que acceda al Sitio Web con el objetivo de estar adecuadamente informado sobre c\u00f3mo y para qu\u00e9 utiliza <b>BAUEN GESTI\u00d3 S.L.<\/b> las cookies.\n<\/p>\n\n<br>\n\n<b>POL\u00cdTICA DE ENLACES<\/b>\n\n<p>\nSe informa de que el Sitio Web de <b>BAUEN GESTI\u00d3 S.L.<\/b> pone o puede poner a disposici\u00f3n de los Usuarios medios de enlace (como, entre otros, links, banners, botones), directorios y motores de b\u00fasqueda que permiten a los Usuarios acceder a sitios web pertenecientes y\/o gestionados por terceros.\n<\/p>\n\n<p>\nLa instalaci\u00f3n de estos enlaces, directorios y motores de b\u00fasqueda en el Sitio Web tiene por objeto facilitar a los Usuarios la b\u00fasqueda de y acceso a la informaci\u00f3n disponible en Internet, sin que pueda considerarse una sugerencia, recomendaci\u00f3n o invitaci\u00f3n para la visita de los mismos.\n<\/p>\n\n<p>\n<b>BAUEN GESTI\u00d3 S.L.<\/b> no ofrece ni comercializa por s\u00ed ni por medio de terceros los productos y\/o servicios disponibles en dichos sitios enlazados.\n<\/p>\n\n<p>\nAsimismo, tampoco garantiza la disponibilidad t\u00e9cnica, exactitud, veracidad, validez o legalidad de los sitios ajenos a su propiedad a los que se pueda acceder por medio de los enlaces.\n<\/p>\n\n<p>\n<b>BAUEN GESTI\u00d3 S.L.<\/b> en ning\u00fan caso revisar\u00e1 o controlar\u00e1 el contenido de otros sitios web, as\u00ed como tampoco aprueba, examina ni hace propios los productos y servicios, contenidos, archivos y cualquier otro material existente en los referidos sitios enlazados.\n<\/p>\n\n<p>\n<b>BAUEN GESTI\u00d3 S.L.<\/b> no asume ninguna responsabilidad por los da\u00f1os y perjuicios que pudieran producirse por el acceso, uso, calidad o licitud de los contenidos, comunicaciones, opiniones, productos y servicios de los sitios web no gestionados por <b>BAUEN GESTI\u00d3 S.L.<\/b> y que sean enlazados en este Sitio Web.\n<\/p>\n\n<p>\nEl Usuario o tercero que realice un hiperv\u00ednculo desde una p\u00e1gina web de otro sitio distinto al Sitio Web de <b>BAUEN GESTI\u00d3 S.L.<\/b> deber\u00e1 saber que:\n<\/p>\n\n<ul>\n  <li>No se permite la reproducci\u00f3n \u2014total o parcial\u2014 de ninguno de los Contenidos y\/o Servicios del Sitio Web sin autorizaci\u00f3n expresa de <b>BAUEN GESTI\u00d3 S.L.<\/b>.<\/li>\n  <li>No se permite ninguna manifestaci\u00f3n falsa, inexacta o incorrecta sobre el Sitio Web de <b>BAUEN GESTI\u00d3 S.L.<\/b>, ni sobre los Contenidos y\/o Servicios del mismo.<\/li>\n  <li>\n    A excepci\u00f3n del hiperv\u00ednculo, el sitio web en el que se establezca dicho hiperenlace no contendr\u00e1 ning\u00fan elemento de este Sitio Web protegido como propiedad intelectual por el ordenamiento jur\u00eddico espa\u00f1ol, salvo autorizaci\u00f3n expresa de <b>BAUEN GESTI\u00d3 S.L.<\/b>.\n  <\/li>\n<\/ul>\n\n<p>\nEl establecimiento del hiperv\u00ednculo no implicar\u00e1 la existencia de relaciones entre <b>BAUEN GESTI\u00d3 S.L.<\/b> y el titular del sitio web desde el cual se realice, ni el conocimiento y aceptaci\u00f3n por parte de <b>BAUEN GESTI\u00d3 S.L.<\/b> de los contenidos, servicios y\/o actividades ofrecidos en dicho sitio web, y viceversa.\n<\/p>\n\n<br>\n\n<b>PROPIEDAD INTELECTUAL E INDUSTRIAL<\/b>\n\n<p>\n<b>BAUEN GESTI\u00d3 S.L.<\/b>, por s\u00ed o como cesionaria, es titular de todos los derechos de propiedad intelectual e industrial del Sitio Web, as\u00ed como de los elementos contenidos en el mismo (a t\u00edtulo enunciativo y no exhaustivo, im\u00e1genes, sonido, audio, v\u00eddeo, software o textos, marcas o logotipos, combinaciones de colores, estructura y dise\u00f1o, selecci\u00f3n de materiales usados, programas de ordenador necesarios para su funcionamiento, acceso y uso, etc.). Ser\u00e1n, por consiguiente, obras protegidas como propiedad intelectual por el ordenamiento jur\u00eddico espa\u00f1ol, si\u00e9ndoles aplicables tanto la normativa espa\u00f1ola y comunitaria en este campo, como los tratados internacionales relativos a la materia y suscritos por Espa\u00f1a.\n<\/p>\n\n<p>\nTodos los derechos reservados. En virtud de lo dispuesto en la Ley de Propiedad Intelectual, quedan expresamente prohibidas la reproducci\u00f3n, distribuci\u00f3n y comunicaci\u00f3n p\u00fablica, incluida su modalidad de puesta a disposici\u00f3n, de la totalidad o parte de los contenidos de esta p\u00e1gina web, con fines comerciales, en cualquier soporte y por cualquier medio t\u00e9cnico, sin la autorizaci\u00f3n de <b>BAUEN GESTI\u00d3 S.L.<\/b>.\n<\/p>\n\n<p>\nEl Usuario se compromete a respetar los derechos de propiedad intelectual e industrial titularidad de <b>BAUEN GESTI\u00d3 S.L.<\/b>. Podr\u00e1 visualizar los elementos del Sitio Web e incluso imprimirlos, copiarlos y almacenarlos en el disco duro de su ordenador o en cualquier otro soporte f\u00edsico siempre que sea, exclusivamente, para su uso personal. El Usuario, sin embargo, no podr\u00e1 suprimir, alterar o manipular cualquier dispositivo de protecci\u00f3n o sistema de seguridad que estuviera instalado en el Sitio Web.\n<\/p>\n\n<p>\nEn caso de que el Usuario o un tercero considere que cualquiera de los Contenidos del Sitio Web supone una violaci\u00f3n de los derechos de protecci\u00f3n de la propiedad intelectual, deber\u00e1 comunicarlo inmediatamente a <b>BAUEN GESTI\u00d3 S.L.<\/b> a trav\u00e9s de los datos de contacto incluidos en el apartado de INFORMACI\u00d3N GENERAL de este Aviso Legal y Condiciones Generales de Uso.\n<\/p>\n\n<br>\n\n<b>ACCIONES LEGALES, LEGISLACI\u00d3N APLICABLE Y JURISDICCI\u00d3N<\/b>\n\n<p>\n<b>BAUEN GESTI\u00d3 S.L.<\/b> se reserva la facultad de presentar las acciones civiles o penales que considere necesarias por la utilizaci\u00f3n indebida del Sitio Web y sus Contenidos, o por el incumplimiento de las presentes Condiciones.\n<\/p>\n\n<p>\nLa relaci\u00f3n entre el Usuario y <b>BAUEN GESTI\u00d3 S.L.<\/b> se regir\u00e1 por la normativa vigente y de aplicaci\u00f3n en el territorio espa\u00f1ol. De surgir cualquier controversia en relaci\u00f3n con la interpretaci\u00f3n y\/o la aplicaci\u00f3n de estas Condiciones, las partes someter\u00e1n sus conflictos a la jurisdicci\u00f3n ordinaria, correspondiendo a los jueces y tribunales competentes conforme a derecho.\n<\/p>\n\n<p><b>\u00daltima modificaci\u00f3n:<\/b> 27 de septiembre de 2025.<\/p>\n\t\t\t\t\t\t\t\t<\/div>\n\t\t\t\t\t<\/div>\n\t\t\t\t<\/div>\n\t\t\t\t<\/div>\n\t\t","protected":false},"excerpt":{"rendered":"<p>El acceso a este Sitio Web puede implicar la utilizaci\u00f3n de cookies. Las cookies son peque\u00f1as cantidades de informaci\u00f3n que se almacenan en el navegador utilizado por cada Usuario \u2014en los distintos dispositivos que pueda utilizar para navegar\u2014 para que el servidor recuerde cierta informaci\u00f3n que posteriormente y \u00fanicamente el servidor que la implement\u00f3 leer\u00e1. [&hellip;]<\/p>\n","protected":false},"author":1,"featured_media":0,"parent":0,"menu_order":0,"comment_status":"closed","ping_status":"closed","template":"","meta":{"_acf_changed":false,"footnotes":""},"class_list":["post-2770","page","type-page","status-publish","hentry"],"acf":[],"yoast_head":"<!-- This site is optimized with the Yoast SEO plugin v26.4 - https:\/\/yoast.com\/wordpress\/plugins\/seo\/ -->\n<title>Pol\u00edtica de cookies\u200b - Bauen \u00b7 Constructora t\u00e9cnica en Barcelona<\/title>\n<meta name=\"robots\" content=\"index, follow, max-snippet:-1, max-image-preview:large, max-video-preview:-1\" \/>\n<link rel=\"canonical\" href=\"https:\/\/www.bauensl.com\/es\/politica-de-cookies\/\" \/>\n<meta property=\"og:locale\" content=\"es_ES\" \/>\n<meta property=\"og:type\" content=\"article\" \/>\n<meta property=\"og:title\" content=\"Pol\u00edtica de cookies\u200b - Bauen \u00b7 Constructora t\u00e9cnica en Barcelona\" \/>\n<meta property=\"og:description\" content=\"El acceso a este Sitio Web puede implicar la utilizaci\u00f3n de cookies. Las cookies son peque\u00f1as cantidades de informaci\u00f3n que se almacenan en el navegador utilizado por cada Usuario \u2014en los distintos dispositivos que pueda utilizar para navegar\u2014 para que el servidor recuerde cierta informaci\u00f3n que posteriormente y \u00fanicamente el servidor que la implement\u00f3 leer\u00e1. [&hellip;]\" \/>\n<meta property=\"og:url\" content=\"https:\/\/www.bauensl.com\/es\/politica-de-cookies\/\" \/>\n<meta property=\"og:site_name\" content=\"Bauen \u00b7 Constructora t\u00e9cnica en Barcelona\" \/>\n<meta property=\"article:modified_time\" content=\"2025-11-21T09:19:00+00:00\" \/>\n<meta name=\"twitter:card\" content=\"summary_large_image\" \/>\n<meta name=\"twitter:label1\" content=\"Tiempo de lectura\" \/>\n\t<meta name=\"twitter:data1\" content=\"8 minutos\" \/>\n<script type=\"application\/ld+json\" class=\"yoast-schema-graph\">{\"@context\":\"https:\/\/schema.org\",\"@graph\":[{\"@type\":\"WebPage\",\"@id\":\"https:\/\/www.bauensl.com\/es\/politica-de-cookies\/\",\"url\":\"https:\/\/www.bauensl.com\/es\/politica-de-cookies\/\",\"name\":\"Pol\u00edtica de cookies\u200b - Bauen \u00b7 Constructora t\u00e9cnica en Barcelona\",\"isPartOf\":{\"@id\":\"https:\/\/www.bauensl.com\/#website\"},\"datePublished\":\"2025-08-04T22:38:33+00:00\",\"dateModified\":\"2025-11-21T09:19:00+00:00\",\"breadcrumb\":{\"@id\":\"https:\/\/www.bauensl.com\/es\/politica-de-cookies\/#breadcrumb\"},\"inLanguage\":\"es\",\"potentialAction\":[{\"@type\":\"ReadAction\",\"target\":[\"https:\/\/www.bauensl.com\/es\/politica-de-cookies\/\"]}]},{\"@type\":\"BreadcrumbList\",\"@id\":\"https:\/\/www.bauensl.com\/es\/politica-de-cookies\/#breadcrumb\",\"itemListElement\":[{\"@type\":\"ListItem\",\"position\":1,\"name\":\"Portada\",\"item\":\"https:\/\/www.bauensl.com\/es\/\"},{\"@type\":\"ListItem\",\"position\":2,\"name\":\"Pol\u00edtica de cookies\u200b\"}]},{\"@type\":\"WebSite\",\"@id\":\"https:\/\/www.bauensl.com\/#website\",\"url\":\"https:\/\/www.bauensl.com\/\",\"name\":\"Bauen \u00b7 Constructora t\u00e9cnica en Barcelona\",\"description\":\"Reformas integrales y rehabilitaci\u00f3n con control t\u00e9cnico total\",\"publisher\":{\"@id\":\"https:\/\/www.bauensl.com\/#organization\"},\"potentialAction\":[{\"@type\":\"SearchAction\",\"target\":{\"@type\":\"EntryPoint\",\"urlTemplate\":\"https:\/\/www.bauensl.com\/?s={search_term_string}\"},\"query-input\":{\"@type\":\"PropertyValueSpecification\",\"valueRequired\":true,\"valueName\":\"search_term_string\"}}],\"inLanguage\":\"es\"},{\"@type\":\"Organization\",\"@id\":\"https:\/\/www.bauensl.com\/#organization\",\"name\":\"Bauen \u00b7 Constructora t\u00e9cnica en Barcelona\",\"url\":\"https:\/\/www.bauensl.com\/\",\"logo\":{\"@type\":\"ImageObject\",\"inLanguage\":\"es\",\"@id\":\"https:\/\/www.bauensl.com\/#\/schema\/logo\/image\/\",\"url\":\"https:\/\/www.bauensl.com\/wp-content\/uploads\/2025\/08\/Bauen.svg\",\"contentUrl\":\"https:\/\/www.bauensl.com\/wp-content\/uploads\/2025\/08\/Bauen.svg\",\"width\":300,\"height\":119,\"caption\":\"Bauen \u00b7 Constructora t\u00e9cnica en Barcelona\"},\"image\":{\"@id\":\"https:\/\/www.bauensl.com\/#\/schema\/logo\/image\/\"}}]}<\/script>\n<!-- \/ Yoast SEO plugin. -->","yoast_head_json":{"title":"Pol\u00edtica de cookies\u200b - Bauen \u00b7 Constructora t\u00e9cnica en Barcelona","robots":{"index":"index","follow":"follow","max-snippet":"max-snippet:-1","max-image-preview":"max-image-preview:large","max-video-preview":"max-video-preview:-1"},"canonical":"https:\/\/www.bauensl.com\/es\/politica-de-cookies\/","og_locale":"es_ES","og_type":"article","og_title":"Pol\u00edtica de cookies\u200b - Bauen \u00b7 Constructora t\u00e9cnica en Barcelona","og_description":"El acceso a este Sitio Web puede implicar la utilizaci\u00f3n de cookies. Las cookies son peque\u00f1as cantidades de informaci\u00f3n que se almacenan en el navegador utilizado por cada Usuario \u2014en los distintos dispositivos que pueda utilizar para navegar\u2014 para que el servidor recuerde cierta informaci\u00f3n que posteriormente y \u00fanicamente el servidor que la implement\u00f3 leer\u00e1. [&hellip;]","og_url":"https:\/\/www.bauensl.com\/es\/politica-de-cookies\/","og_site_name":"Bauen \u00b7 Constructora t\u00e9cnica en Barcelona","article_modified_time":"2025-11-21T09:19:00+00:00","twitter_card":"summary_large_image","twitter_misc":{"Tiempo de lectura":"8 minutos"},"schema":{"@context":"https:\/\/schema.org","@graph":[{"@type":"WebPage","@id":"https:\/\/www.bauensl.com\/es\/politica-de-cookies\/","url":"https:\/\/www.bauensl.com\/es\/politica-de-cookies\/","name":"Pol\u00edtica de cookies\u200b - Bauen \u00b7 Constructora t\u00e9cnica en Barcelona","isPartOf":{"@id":"https:\/\/www.bauensl.com\/#website"},"datePublished":"2025-08-04T22:38:33+00:00","dateModified":"2025-11-21T09:19:00+00:00","breadcrumb":{"@id":"https:\/\/www.bauensl.com\/es\/politica-de-cookies\/#breadcrumb"},"inLanguage":"es","potentialAction":[{"@type":"ReadAction","target":["https:\/\/www.bauensl.com\/es\/politica-de-cookies\/"]}]},{"@type":"BreadcrumbList","@id":"https:\/\/www.bauensl.com\/es\/politica-de-cookies\/#breadcrumb","itemListElement":[{"@type":"ListItem","position":1,"name":"Portada","item":"https:\/\/www.bauensl.com\/es\/"},{"@type":"ListItem","position":2,"name":"Pol\u00edtica de cookies\u200b"}]},{"@type":"WebSite","@id":"https:\/\/www.bauensl.com\/#website","url":"https:\/\/www.bauensl.com\/","name":"Bauen \u00b7 Constructora t\u00e9cnica en Barcelona","description":"Reformas integrales y rehabilitaci\u00f3n con control t\u00e9cnico total","publisher":{"@id":"https:\/\/www.bauensl.com\/#organization"},"potentialAction":[{"@type":"SearchAction","target":{"@type":"EntryPoint","urlTemplate":"https:\/\/www.bauensl.com\/?s={search_term_string}"},"query-input":{"@type":"PropertyValueSpecification","valueRequired":true,"valueName":"search_term_string"}}],"inLanguage":"es"},{"@type":"Organization","@id":"https:\/\/www.bauensl.com\/#organization","name":"Bauen \u00b7 Constructora t\u00e9cnica en Barcelona","url":"https:\/\/www.bauensl.com\/","logo":{"@type":"ImageObject","inLanguage":"es","@id":"https:\/\/www.bauensl.com\/#\/schema\/logo\/image\/","url":"https:\/\/www.bauensl.com\/wp-content\/uploads\/2025\/08\/Bauen.svg","contentUrl":"https:\/\/www.bauensl.com\/wp-content\/uploads\/2025\/08\/Bauen.svg","width":300,"height":119,"caption":"Bauen \u00b7 Constructora t\u00e9cnica en Barcelona"},"image":{"@id":"https:\/\/www.bauensl.com\/#\/schema\/logo\/image\/"}}]}},"_links":{"self":[{"href":"https:\/\/www.bauensl.com\/es\/wp-json\/wp\/v2\/pages\/2770","targetHints":{"allow":["GET"]}}],"collection":[{"href":"https:\/\/www.bauensl.com\/es\/wp-json\/wp\/v2\/pages"}],"about":[{"href":"https:\/\/www.bauensl.com\/es\/wp-json\/wp\/v2\/types\/page"}],"author":[{"embeddable":true,"href":"https:\/\/www.bauensl.com\/es\/wp-json\/wp\/v2\/users\/1"}],"replies":[{"embeddable":true,"href":"https:\/\/www.bauensl.com\/es\/wp-json\/wp\/v2\/comments?post=2770"}],"version-history":[{"count":13,"href":"https:\/\/www.bauensl.com\/es\/wp-json\/wp\/v2\/pages\/2770\/revisions"}],"predecessor-version":[{"id":3330,"href":"https:\/\/www.bauensl.com\/es\/wp-json\/wp\/v2\/pages\/2770\/revisions\/3330"}],"wp:attachment":[{"href":"https:\/\/www.bauensl.com\/es\/wp-json\/wp\/v2\/media?parent=2770"}],"curies":[{"name":"wp","href":"https:\/\/api.w.org\/{rel}","templated":true}]}}