{"id":2779,"date":"2025-08-05T00:41:36","date_gmt":"2025-08-04T22:41:36","guid":{"rendered":"https:\/\/www.bauensl.com\/?page_id=2779"},"modified":"2025-11-21T10:14:46","modified_gmt":"2025-11-21T09:14:46","slug":"declaracion-accesibilidad","status":"publish","type":"page","link":"https:\/\/www.bauensl.com\/es\/declaracion-accesibilidad\/","title":{"rendered":"Declaraci\u00f3n accesibilidad"},"content":{"rendered":"\t\t<div data-elementor-type=\"wp-page\" data-elementor-id=\"2779\" class=\"elementor elementor-2779\" data-elementor-post-type=\"page\">\n\t\t\t\t<div class=\"elementor-element elementor-element-1a00565 e-flex e-con-boxed e-con e-parent\" data-id=\"1a00565\" data-element_type=\"container\">\n\t\t\t\t\t<div class=\"e-con-inner\">\n\t\t\t\t<div class=\"elementor-element elementor-element-c1b11d9 elementor-widget elementor-widget-heading\" data-id=\"c1b11d9\" data-element_type=\"widget\" data-widget_type=\"heading.default\">\n\t\t\t\t\t<h2 class=\"elementor-heading-title elementor-size-default\">Declaraci\u00f3m accesibilidad.<\/h2>\t\t\t\t<\/div>\n\t\t\t\t<div class=\"elementor-element elementor-element-e7828b0 elementor-widget elementor-widget-text-editor\" data-id=\"e7828b0\" data-element_type=\"widget\" data-widget_type=\"text-editor.default\">\n\t\t\t\t\t\t\t\t\t<strong>Esta web es accesible.<\/strong>\n\n<p>\nEl sitio web <b>bauensl.com<\/b> ha sido dise\u00f1ado y programado siguiendo las pautas de la iniciativa \n<a href=\"https:\/\/www.w3.org\/TR\/WCAG20\/\" target=\"_blank\" rel=\"noopener noreferrer\">WCAG 2.0 (Web Content Accessibility Guidelines 2.0)<\/a>, \nque establece est\u00e1ndares internacionales para la creaci\u00f3n de contenidos web accesibles para todas las personas.\n<\/p>\n\n<p>\n<b>Nivel de conformidad alcanzado:<\/b> <i>Nivel AA de conformidad<\/i>.\n<\/p>\n\n<strong>Compatibilidad con est\u00e1ndares<\/strong>\n<ul>\n  <li>HTML5<\/li>\n  <li>CSS<\/li>\n  <li>WCAG 2.0 &#8211; Nivel AA<\/li>\n<\/ul>\n\n<strong>Aviso<\/strong>\n<p>\nSi se detecta alguna dificultad al acceder o visualizar la informaci\u00f3n de este sitio web, \no si se desea realizar alguna sugerencia para mejorar la accesibilidad, \npuede dirigirse al siguiente correo electr\u00f3nico de contacto:\n<\/p>\n\n<p>\n<a href=\"mailto:info@bauensl.com\">info@bauensl.com<\/a>\n<\/p>\n\t\t\t\t\t\t\t\t<\/div>\n\t\t\t\t\t<\/div>\n\t\t\t\t<\/div>\n\t\t\t\t<\/div>\n\t\t","protected":false},"excerpt":{"rendered":"<p>Declaraci\u00f3m accesibilidad. Esta web es accesible. El sitio web bauensl.com ha sido dise\u00f1ado y programado siguiendo las pautas de la iniciativa WCAG 2.0 (Web Content Accessibility Guidelines 2.0), que establece est\u00e1ndares internacionales para la creaci\u00f3n de contenidos web accesibles para todas las personas. Nivel de conformidad alcanzado: Nivel AA de conformidad. Compatibilidad con est\u00e1ndares HTML5 [&hellip;]<\/p>\n","protected":false},"author":1,"featured_media":0,"parent":0,"menu_order":0,"comment_status":"closed","ping_status":"closed","template":"","meta":{"_acf_changed":false,"footnotes":""},"class_list":["post-2779","page","type-page","status-publish","hentry"],"acf":[],"yoast_head":"<!-- This site is optimized with the Yoast SEO plugin v26.4 - https:\/\/yoast.com\/wordpress\/plugins\/seo\/ -->\n<title>Declaraci\u00f3n accesibilidad - Bauen \u00b7 Constructora t\u00e9cnica en Barcelona<\/title>\n<meta name=\"robots\" content=\"index, follow, max-snippet:-1, max-image-preview:large, max-video-preview:-1\" \/>\n<link rel=\"canonical\" href=\"https:\/\/www.bauensl.com\/es\/declaracion-accesibilidad\/\" \/>\n<meta property=\"og:locale\" content=\"es_ES\" \/>\n<meta property=\"og:type\" content=\"article\" \/>\n<meta property=\"og:title\" content=\"Declaraci\u00f3n accesibilidad - Bauen \u00b7 Constructora t\u00e9cnica en Barcelona\" \/>\n<meta property=\"og:description\" content=\"Declaraci\u00f3m accesibilidad. Esta web es accesible. El sitio web bauensl.com ha sido dise\u00f1ado y programado siguiendo las pautas de la iniciativa WCAG 2.0 (Web Content Accessibility Guidelines 2.0), que establece est\u00e1ndares internacionales para la creaci\u00f3n de contenidos web accesibles para todas las personas. Nivel de conformidad alcanzado: Nivel AA de conformidad. Compatibilidad con est\u00e1ndares HTML5 [&hellip;]\" \/>\n<meta property=\"og:url\" content=\"https:\/\/www.bauensl.com\/es\/declaracion-accesibilidad\/\" \/>\n<meta property=\"og:site_name\" content=\"Bauen \u00b7 Constructora t\u00e9cnica en Barcelona\" \/>\n<meta property=\"article:modified_time\" content=\"2025-11-21T09:14:46+00:00\" \/>\n<meta name=\"twitter:card\" content=\"summary_large_image\" \/>\n<meta name=\"twitter:label1\" content=\"Tiempo de lectura\" \/>\n\t<meta name=\"twitter:data1\" content=\"1 minuto\" \/>\n<script type=\"application\/ld+json\" class=\"yoast-schema-graph\">{\"@context\":\"https:\/\/schema.org\",\"@graph\":[{\"@type\":\"WebPage\",\"@id\":\"https:\/\/www.bauensl.com\/es\/declaracion-accesibilidad\/\",\"url\":\"https:\/\/www.bauensl.com\/es\/declaracion-accesibilidad\/\",\"name\":\"Declaraci\u00f3n accesibilidad - Bauen \u00b7 Constructora t\u00e9cnica en Barcelona\",\"isPartOf\":{\"@id\":\"https:\/\/www.bauensl.com\/#website\"},\"datePublished\":\"2025-08-04T22:41:36+00:00\",\"dateModified\":\"2025-11-21T09:14:46+00:00\",\"breadcrumb\":{\"@id\":\"https:\/\/www.bauensl.com\/es\/declaracion-accesibilidad\/#breadcrumb\"},\"inLanguage\":\"es\",\"potentialAction\":[{\"@type\":\"ReadAction\",\"target\":[\"https:\/\/www.bauensl.com\/es\/declaracion-accesibilidad\/\"]}]},{\"@type\":\"BreadcrumbList\",\"@id\":\"https:\/\/www.bauensl.com\/es\/declaracion-accesibilidad\/#breadcrumb\",\"itemListElement\":[{\"@type\":\"ListItem\",\"position\":1,\"name\":\"Portada\",\"item\":\"https:\/\/www.bauensl.com\/es\/\"},{\"@type\":\"ListItem\",\"position\":2,\"name\":\"Declaraci\u00f3n accesibilidad\"}]},{\"@type\":\"WebSite\",\"@id\":\"https:\/\/www.bauensl.com\/#website\",\"url\":\"https:\/\/www.bauensl.com\/\",\"name\":\"Bauen \u00b7 Constructora t\u00e9cnica en Barcelona\",\"description\":\"Reformas integrales y rehabilitaci\u00f3n con control t\u00e9cnico total\",\"publisher\":{\"@id\":\"https:\/\/www.bauensl.com\/#organization\"},\"potentialAction\":[{\"@type\":\"SearchAction\",\"target\":{\"@type\":\"EntryPoint\",\"urlTemplate\":\"https:\/\/www.bauensl.com\/?s={search_term_string}\"},\"query-input\":{\"@type\":\"PropertyValueSpecification\",\"valueRequired\":true,\"valueName\":\"search_term_string\"}}],\"inLanguage\":\"es\"},{\"@type\":\"Organization\",\"@id\":\"https:\/\/www.bauensl.com\/#organization\",\"name\":\"Bauen \u00b7 Constructora t\u00e9cnica en Barcelona\",\"url\":\"https:\/\/www.bauensl.com\/\",\"logo\":{\"@type\":\"ImageObject\",\"inLanguage\":\"es\",\"@id\":\"https:\/\/www.bauensl.com\/#\/schema\/logo\/image\/\",\"url\":\"https:\/\/www.bauensl.com\/wp-content\/uploads\/2025\/08\/Bauen.svg\",\"contentUrl\":\"https:\/\/www.bauensl.com\/wp-content\/uploads\/2025\/08\/Bauen.svg\",\"width\":300,\"height\":119,\"caption\":\"Bauen \u00b7 Constructora t\u00e9cnica en Barcelona\"},\"image\":{\"@id\":\"https:\/\/www.bauensl.com\/#\/schema\/logo\/image\/\"}}]}<\/script>\n<!-- \/ Yoast SEO plugin. -->","yoast_head_json":{"title":"Declaraci\u00f3n accesibilidad - Bauen \u00b7 Constructora t\u00e9cnica en Barcelona","robots":{"index":"index","follow":"follow","max-snippet":"max-snippet:-1","max-image-preview":"max-image-preview:large","max-video-preview":"max-video-preview:-1"},"canonical":"https:\/\/www.bauensl.com\/es\/declaracion-accesibilidad\/","og_locale":"es_ES","og_type":"article","og_title":"Declaraci\u00f3n accesibilidad - Bauen \u00b7 Constructora t\u00e9cnica en Barcelona","og_description":"Declaraci\u00f3m accesibilidad. Esta web es accesible. El sitio web bauensl.com ha sido dise\u00f1ado y programado siguiendo las pautas de la iniciativa WCAG 2.0 (Web Content Accessibility Guidelines 2.0), que establece est\u00e1ndares internacionales para la creaci\u00f3n de contenidos web accesibles para todas las personas. Nivel de conformidad alcanzado: Nivel AA de conformidad. Compatibilidad con est\u00e1ndares HTML5 [&hellip;]","og_url":"https:\/\/www.bauensl.com\/es\/declaracion-accesibilidad\/","og_site_name":"Bauen \u00b7 Constructora t\u00e9cnica en Barcelona","article_modified_time":"2025-11-21T09:14:46+00:00","twitter_card":"summary_large_image","twitter_misc":{"Tiempo de lectura":"1 minuto"},"schema":{"@context":"https:\/\/schema.org","@graph":[{"@type":"WebPage","@id":"https:\/\/www.bauensl.com\/es\/declaracion-accesibilidad\/","url":"https:\/\/www.bauensl.com\/es\/declaracion-accesibilidad\/","name":"Declaraci\u00f3n accesibilidad - Bauen \u00b7 Constructora t\u00e9cnica en Barcelona","isPartOf":{"@id":"https:\/\/www.bauensl.com\/#website"},"datePublished":"2025-08-04T22:41:36+00:00","dateModified":"2025-11-21T09:14:46+00:00","breadcrumb":{"@id":"https:\/\/www.bauensl.com\/es\/declaracion-accesibilidad\/#breadcrumb"},"inLanguage":"es","potentialAction":[{"@type":"ReadAction","target":["https:\/\/www.bauensl.com\/es\/declaracion-accesibilidad\/"]}]},{"@type":"BreadcrumbList","@id":"https:\/\/www.bauensl.com\/es\/declaracion-accesibilidad\/#breadcrumb","itemListElement":[{"@type":"ListItem","position":1,"name":"Portada","item":"https:\/\/www.bauensl.com\/es\/"},{"@type":"ListItem","position":2,"name":"Declaraci\u00f3n accesibilidad"}]},{"@type":"WebSite","@id":"https:\/\/www.bauensl.com\/#website","url":"https:\/\/www.bauensl.com\/","name":"Bauen \u00b7 Constructora t\u00e9cnica en Barcelona","description":"Reformas integrales y rehabilitaci\u00f3n con control t\u00e9cnico total","publisher":{"@id":"https:\/\/www.bauensl.com\/#organization"},"potentialAction":[{"@type":"SearchAction","target":{"@type":"EntryPoint","urlTemplate":"https:\/\/www.bauensl.com\/?s={search_term_string}"},"query-input":{"@type":"PropertyValueSpecification","valueRequired":true,"valueName":"search_term_string"}}],"inLanguage":"es"},{"@type":"Organization","@id":"https:\/\/www.bauensl.com\/#organization","name":"Bauen \u00b7 Constructora t\u00e9cnica en Barcelona","url":"https:\/\/www.bauensl.com\/","logo":{"@type":"ImageObject","inLanguage":"es","@id":"https:\/\/www.bauensl.com\/#\/schema\/logo\/image\/","url":"https:\/\/www.bauensl.com\/wp-content\/uploads\/2025\/08\/Bauen.svg","contentUrl":"https:\/\/www.bauensl.com\/wp-content\/uploads\/2025\/08\/Bauen.svg","width":300,"height":119,"caption":"Bauen \u00b7 Constructora t\u00e9cnica en Barcelona"},"image":{"@id":"https:\/\/www.bauensl.com\/#\/schema\/logo\/image\/"}}]}},"_links":{"self":[{"href":"https:\/\/www.bauensl.com\/es\/wp-json\/wp\/v2\/pages\/2779","targetHints":{"allow":["GET"]}}],"collection":[{"href":"https:\/\/www.bauensl.com\/es\/wp-json\/wp\/v2\/pages"}],"about":[{"href":"https:\/\/www.bauensl.com\/es\/wp-json\/wp\/v2\/types\/page"}],"author":[{"embeddable":true,"href":"https:\/\/www.bauensl.com\/es\/wp-json\/wp\/v2\/users\/1"}],"replies":[{"embeddable":true,"href":"https:\/\/www.bauensl.com\/es\/wp-json\/wp\/v2\/comments?post=2779"}],"version-history":[{"count":11,"href":"https:\/\/www.bauensl.com\/es\/wp-json\/wp\/v2\/pages\/2779\/revisions"}],"predecessor-version":[{"id":3326,"href":"https:\/\/www.bauensl.com\/es\/wp-json\/wp\/v2\/pages\/2779\/revisions\/3326"}],"wp:attachment":[{"href":"https:\/\/www.bauensl.com\/es\/wp-json\/wp\/v2\/media?parent=2779"}],"curies":[{"name":"wp","href":"https:\/\/api.w.org\/{rel}","templated":true}]}}